{"id":8693,"date":"2023-09-13T17:48:12","date_gmt":"2023-09-13T15:48:12","guid":{"rendered":"https:\/\/staging.gusto.it\/?page_id=8693"},"modified":"2023-09-18T16:10:06","modified_gmt":"2023-09-18T14:10:06","slug":"coffee-gastronomy","status":"publish","type":"page","link":"https:\/\/gusto.it\/en\/caffe-gastronomia\/","title":{"rendered":"Caf\u00e9 Gastronomy"},"content":{"rendered":"<div data-elementor-type=\"wp-page\" data-elementor-id=\"8693\" class=\"elementor elementor-8693\" data-elementor-post-type=\"page\">\n\t\t\t\t\t\t<section class=\"elementor-section elementor-top-section elementor-element elementor-element-592626f elementor-section-height-min-height elementor-section-boxed elementor-section-height-default elementor-section-items-middle\" data-id=\"592626f\" data-element_type=\"section\" data-e-type=\"section\" data-settings=\"{&quot;background_background&quot;:&quot;classic&quot;}\">\n\t\t\t\t\t\t\t<div class=\"elementor-background-overlay\"><\/div>\n\t\t\t\t\t\t\t<div class=\"elementor-container elementor-column-gap-no\">\n\t\t\t\t\t<div class=\"elementor-column elementor-col-100 elementor-top-column elementor-element elementor-element-55c3494\" data-id=\"55c3494\" data-element_type=\"column\" data-e-type=\"column\">\n\t\t\t<div class=\"elementor-widget-wrap elementor-element-populated\">\n\t\t\t\t\t\t<div class=\"elementor-element elementor-element-c8abbf8 elementor-widget elementor-widget-heading\" data-id=\"c8abbf8\" data-element_type=\"widget\" data-e-type=\"widget\" data-widget_type=\"heading.default\">\n\t\t\t\t<div class=\"elementor-widget-container\">\n\t\t\t\t\t<h2 class=\"elementor-heading-title elementor-size-default\">Good morning is &#039;Gusto\n<\/h2>\t\t\t\t<\/div>\n\t\t\t\t<\/div>\n\t\t\t\t\t<\/div>\n\t\t<\/div>\n\t\t\t\t\t<\/div>\n\t\t<\/section>\n\t\t\t\t<section class=\"elementor-section elementor-top-section elementor-element elementor-element-02e9dfb elementor-section-boxed elementor-section-height-default elementor-section-height-default\" data-id=\"02e9dfb\" data-element_type=\"section\" data-e-type=\"section\">\n\t\t\t\t\t\t<div class=\"elementor-container elementor-column-gap-no\">\n\t\t\t\t\t<div class=\"elementor-column elementor-col-100 elementor-top-column elementor-element elementor-element-06fca0c\" data-id=\"06fca0c\" data-element_type=\"column\" data-e-type=\"column\">\n\t\t\t<div class=\"elementor-widget-wrap elementor-element-populated\">\n\t\t\t\t\t\t<div class=\"elementor-element elementor-element-7c216a5 elementor-widget elementor-widget-heading\" data-id=\"7c216a5\" data-element_type=\"widget\" data-e-type=\"widget\" data-widget_type=\"heading.default\">\n\t\t\t\t<div class=\"elementor-widget-container\">\n\t\t\t\t\t<h2 class=\"elementor-heading-title elementor-size-default\">Delicatessen caf\u00e9<\/h2>\t\t\t\t<\/div>\n\t\t\t\t<\/div>\n\t\t\t\t<div class=\"elementor-element elementor-element-8da1205 elementor-widget-divider--view-line elementor-widget elementor-widget-divider\" data-id=\"8da1205\" data-element_type=\"widget\" data-e-type=\"widget\" data-widget_type=\"divider.default\">\n\t\t\t\t<div class=\"elementor-widget-container\">\n\t\t\t\t\t\t\t<div class=\"elementor-divider\">\n\t\t\t<span class=\"elementor-divider-separator\">\n\t\t\t\t\t\t<\/span>\n\t\t<\/div>\n\t\t\t\t\t\t<\/div>\n\t\t\t\t<\/div>\n\t\t\t\t\t<\/div>\n\t\t<\/div>\n\t\t\t\t\t<\/div>\n\t\t<\/section>\n\t\t\t\t<section class=\"elementor-section elementor-top-section elementor-element elementor-element-b1251a0 elementor-section-boxed elementor-section-height-default elementor-section-height-default\" data-id=\"b1251a0\" data-element_type=\"section\" data-e-type=\"section\">\n\t\t\t\t\t\t<div class=\"elementor-container elementor-column-gap-no\">\n\t\t\t\t\t<div class=\"elementor-column elementor-col-50 elementor-top-column elementor-element elementor-element-776db64\" data-id=\"776db64\" data-element_type=\"column\" data-e-type=\"column\">\n\t\t\t<div class=\"elementor-widget-wrap elementor-element-populated\">\n\t\t\t\t\t\t<div class=\"elementor-element elementor-element-9b6d04b elementor-widget elementor-widget-image\" data-id=\"9b6d04b\" data-element_type=\"widget\" data-e-type=\"widget\" data-widget_type=\"image.default\">\n\t\t\t\t<div class=\"elementor-widget-container\">\n\t\t\t\t\t\t\t\t\t\t\t\t\t\t\t<img fetchpriority=\"high\" decoding=\"async\" width=\"1280\" height=\"853\" src=\"https:\/\/gusto.it\/wp-content\/uploads\/2019\/12\/te-e-biscotti-gusto.jpg\" class=\"attachment-full size-full wp-image-3762\" alt=\"tea and biscuits taste\" srcset=\"https:\/\/gusto.it\/wp-content\/uploads\/2019\/12\/te-e-biscotti-gusto.jpg 1280w, https:\/\/gusto.it\/wp-content\/uploads\/2019\/12\/te-e-biscotti-gusto-900x600.jpg 900w, https:\/\/gusto.it\/wp-content\/uploads\/2019\/12\/te-e-biscotti-gusto-768x512.jpg 768w, https:\/\/gusto.it\/wp-content\/uploads\/2019\/12\/te-e-biscotti-gusto-18x12.jpg 18w\" sizes=\"(max-width: 1280px) 100vw, 1280px\" \/>\t\t\t\t\t\t\t\t\t\t\t\t\t\t\t<\/div>\n\t\t\t\t<\/div>\n\t\t\t\t\t<\/div>\n\t\t<\/div>\n\t\t\t\t<div class=\"elementor-column elementor-col-50 elementor-top-column elementor-element elementor-element-b8a0caa\" data-id=\"b8a0caa\" data-element_type=\"column\" data-e-type=\"column\">\n\t\t\t<div class=\"elementor-widget-wrap elementor-element-populated\">\n\t\t\t\t\t\t<div class=\"elementor-element elementor-element-c58bf5c elementor-widget__width-initial elementor-widget elementor-widget-text-editor\" data-id=\"c58bf5c\" data-element_type=\"widget\" data-e-type=\"widget\" data-widget_type=\"text-editor.default\">\n\t\t\t\t<div class=\"elementor-widget-container\">\n\t\t\t\t\t\t\t\t\t<p>The caf\u00e9 has a well-defined personality and is, perhaps, among the most connotative architectural elements. The large horseshoe-shaped desk, positioned in the room\u00a0<strong><em>Belle Epoque<\/em><\/strong>, communicates with the inside but also with the outside of the room, thanks to the opening overlooking the church of S.Apollinare.<\/p><p>It is here that the bartenders express themselves from the aperitif until late at night, but - during the day - tea, herbal teas, coffee come out from this station, accompanied by homemade cakes and desserts and small sandwiches. During the day, in fact, comfortably seated on the beautiful elegantly colored sofas, or on the square, guests can stop for a quick coffee or for a\u00a0<strong>break<\/strong>\u00a0longer, perhaps\u00a0<strong>reading newspapers and books<\/strong>.<\/p><p>Hot pancakes,\u00a0<strong>tarts<\/strong>, cakes, cups of\u00a0<strong>fresh fruit<\/strong>, homemade biscuits, but also small snacks for savory lovers, accompany hot drinks, juices and\u00a0<strong>centrifuges<\/strong>.<\/p>\t\t\t\t\t\t\t\t<\/div>\n\t\t\t\t<\/div>\n\t\t\t\t<div class=\"elementor-element elementor-element-b5b4def elementor-mobile-align-center elementor-widget elementor-widget-button\" data-id=\"b5b4def\" data-element_type=\"widget\" data-e-type=\"widget\" data-widget_type=\"button.default\">\n\t\t\t\t<div class=\"elementor-widget-container\">\n\t\t\t\t\t\t\t\t\t<div class=\"elementor-button-wrapper\">\n\t\t\t\t\t<a class=\"elementor-button elementor-button-link elementor-size-sm\" href=\"#\">\n\t\t\t\t\t\t<span class=\"elementor-button-content-wrapper\">\n\t\t\t\t\t\t\t\t\t<span class=\"elementor-button-text\">Details<\/span>\n\t\t\t\t\t<\/span>\n\t\t\t\t\t<\/a>\n\t\t\t\t<\/div>\n\t\t\t\t\t\t\t\t<\/div>\n\t\t\t\t<\/div>\n\t\t\t\t\t<\/div>\n\t\t<\/div>\n\t\t\t\t\t<\/div>\n\t\t<\/section>\n\t\t\t\t<section class=\"elementor-section elementor-top-section elementor-element elementor-element-ffa7f84 elementor-section-full_width elementor-section-height-default elementor-section-height-default\" data-id=\"ffa7f84\" data-element_type=\"section\" data-e-type=\"section\">\n\t\t\t\t\t\t<div class=\"elementor-container elementor-column-gap-no\">\n\t\t\t\t\t<div class=\"elementor-column elementor-col-100 elementor-top-column elementor-element elementor-element-bc75602\" data-id=\"bc75602\" data-element_type=\"column\" data-e-type=\"column\">\n\t\t\t<div class=\"elementor-widget-wrap elementor-element-populated\">\n\t\t\t\t\t\t<div class=\"elementor-element elementor-element-d8e15f3 elementor-widget elementor-widget-gallery\" data-id=\"d8e15f3\" data-element_type=\"widget\" data-e-type=\"widget\" data-settings=\"{&quot;gap&quot;:{&quot;unit&quot;:&quot;px&quot;,&quot;size&quot;:0,&quot;sizes&quot;:[]},&quot;gap_mobile&quot;:{&quot;unit&quot;:&quot;px&quot;,&quot;size&quot;:0,&quot;sizes&quot;:[]},&quot;columns&quot;:3,&quot;columns_mobile&quot;:2,&quot;gallery_layout&quot;:&quot;grid&quot;,&quot;columns_tablet&quot;:2,&quot;gap_tablet&quot;:{&quot;unit&quot;:&quot;px&quot;,&quot;size&quot;:10,&quot;sizes&quot;:[]},&quot;link_to&quot;:&quot;file&quot;,&quot;aspect_ratio&quot;:&quot;3:2&quot;,&quot;content_hover_animation&quot;:&quot;fade-in&quot;}\" data-widget_type=\"gallery.default\">\n\t\t\t\t<div class=\"elementor-widget-container\">\n\t\t\t\t\t\t\t<div class=\"elementor-gallery__container\">\n\t\t\t\t\t\t\t<a class=\"e-gallery-item elementor-gallery-item elementor-animated-content\" href=\"https:\/\/gusto.it\/wp-content\/uploads\/2019\/12\/dolci-gusto-.jpg\" data-elementor-open-lightbox=\"no\">\n\t\t\t\t\t<div class=\"e-gallery-image elementor-gallery-item__image\" data-thumbnail=\"https:\/\/gusto.it\/wp-content\/uploads\/2019\/12\/dolci-gusto-.jpg\" data-width=\"1280\" data-height=\"812\" aria-label=\"tasteful breakfast desserts\" role=\"img\" ><\/div>\n\t\t\t\t\t\t\t\t\t\t\t\t\t\t<\/a>\n\t\t\t\t\t\t\t<a class=\"e-gallery-item elementor-gallery-item elementor-animated-content\" href=\"https:\/\/gusto.it\/wp-content\/uploads\/2015\/10\/caffetteria-gusto-al-28-3.jpg\" data-elementor-open-lightbox=\"no\">\n\t\t\t\t\t<div class=\"e-gallery-image elementor-gallery-item__image\" data-thumbnail=\"https:\/\/gusto.it\/wp-content\/uploads\/2015\/10\/caffetteria-gusto-al-28-3.jpg\" data-width=\"1400\" data-height=\"734\" aria-label=\"\" role=\"img\" ><\/div>\n\t\t\t\t\t\t\t\t\t\t\t\t\t\t<\/a>\n\t\t\t\t\t\t\t<a class=\"e-gallery-item elementor-gallery-item elementor-animated-content\" href=\"https:\/\/gusto.it\/wp-content\/uploads\/2015\/10\/caffetteria-gusto-al-28-41.jpg\" data-elementor-open-lightbox=\"no\">\n\t\t\t\t\t<div class=\"e-gallery-image elementor-gallery-item__image\" data-thumbnail=\"https:\/\/gusto.it\/wp-content\/uploads\/2015\/10\/caffetteria-gusto-al-28-41.jpg\" data-width=\"1400\" data-height=\"812\" aria-label=\"\" role=\"img\" ><\/div>\n\t\t\t\t\t\t\t\t\t\t\t\t\t\t<\/a>\n\t\t\t\t\t\t\t<a class=\"e-gallery-item elementor-gallery-item elementor-animated-content\" href=\"https:\/\/gusto.it\/wp-content\/uploads\/2015\/10\/IMG_8409.jpg\" data-elementor-open-lightbox=\"no\">\n\t\t\t\t\t<div class=\"e-gallery-image elementor-gallery-item__image\" data-thumbnail=\"https:\/\/gusto.it\/wp-content\/uploads\/2015\/10\/IMG_8409.jpg\" data-width=\"2048\" data-height=\"1365\" aria-label=\"\" role=\"img\" ><\/div>\n\t\t\t\t\t\t\t\t\t\t\t\t\t\t<\/a>\n\t\t\t\t\t\t\t<a class=\"e-gallery-item elementor-gallery-item elementor-animated-content\" href=\"https:\/\/gusto.it\/wp-content\/uploads\/2019\/12\/caffetteria-gusto.jpg\" data-elementor-open-lightbox=\"no\">\n\t\t\t\t\t<div class=\"e-gallery-image elementor-gallery-item__image\" data-thumbnail=\"https:\/\/gusto.it\/wp-content\/uploads\/2019\/12\/caffetteria-gusto.jpg\" data-width=\"1280\" data-height=\"853\" aria-label=\"sweets coffee shop taste\" role=\"img\" ><\/div>\n\t\t\t\t\t\t\t\t\t\t\t\t\t\t<\/a>\n\t\t\t\t\t\t\t<a class=\"e-gallery-item elementor-gallery-item elementor-animated-content\" href=\"https:\/\/gusto.it\/wp-content\/uploads\/2018\/08\/panini-gastronomia.jpg\" data-elementor-open-lightbox=\"no\">\n\t\t\t\t\t<div class=\"e-gallery-image elementor-gallery-item__image\" data-thumbnail=\"https:\/\/gusto.it\/wp-content\/uploads\/2018\/08\/panini-gastronomia.jpg\" data-width=\"900\" data-height=\"650\" aria-label=\"sandwiches\" role=\"img\" ><\/div>\n\t\t\t\t\t\t\t\t\t\t\t\t\t\t<\/a>\n\t\t\t\t\t<\/div>\n\t\t\t\t\t<\/div>\n\t\t\t\t<\/div>\n\t\t\t\t\t<\/div>\n\t\t<\/div>\n\t\t\t\t\t<\/div>\n\t\t<\/section>\n\t\t\t\t<\/div>","protected":false},"excerpt":{"rendered":"<p>Il buongiorno \u00e8 &#8216;Gusto Caffetteria gastronomia La caffetteria ha una personalit\u00e0 ben definita ed \u00e8, forse, tra gli elementi architettonici pi\u00f9 connotativi. Il grande banco a ferro di cavalo, posizionato nella sala\u00a0Belle Epoque, dialoga con l\u2019interno ma anche con l\u2019esterno del locale, grazie all\u2019apertura che guarda la chiesa di S.Apollinare. \u00c8 qui che i barman [&hellip;]<\/p>\n","protected":false},"author":6,"featured_media":0,"parent":0,"menu_order":0,"comment_status":"closed","ping_status":"closed","template":"","meta":{"_seopress_robots_primary_cat":"","_seopress_titles_title":"Caffetteria e Gastronomia a Roma | 'Gusto Piazza Navona","_seopress_titles_desc":"Colazione, pranzo veloce e merenda da 'Gusto. Caffetteria e gastronomia con prodotti freschi nel centro storico di Roma, vicino a Piazza Navona.","_seopress_robots_index":"","footnotes":""},"class_list":["post-8693","page","type-page","status-publish","hentry"],"_links":{"self":[{"href":"https:\/\/gusto.it\/en\/wp-json\/wp\/v2\/pages\/8693","targetHints":{"allow":["GET"]}}],"collection":[{"href":"https:\/\/gusto.it\/en\/wp-json\/wp\/v2\/pages"}],"about":[{"href":"https:\/\/gusto.it\/en\/wp-json\/wp\/v2\/types\/page"}],"author":[{"embeddable":true,"href":"https:\/\/gusto.it\/en\/wp-json\/wp\/v2\/users\/6"}],"replies":[{"embeddable":true,"href":"https:\/\/gusto.it\/en\/wp-json\/wp\/v2\/comments?post=8693"}],"version-history":[{"count":0,"href":"https:\/\/gusto.it\/en\/wp-json\/wp\/v2\/pages\/8693\/revisions"}],"wp:attachment":[{"href":"https:\/\/gusto.it\/en\/wp-json\/wp\/v2\/media?parent=8693"}],"curies":[{"name":"wp","href":"https:\/\/api.w.org\/{rel}","templated":true}]}}